{"id":83,"date":"2018-08-27T11:14:16","date_gmt":"2018-08-27T11:14:16","guid":{"rendered":"https:\/\/keystone.nicfoto.ro\/index.php\/about\/"},"modified":"2026-03-18T18:42:50","modified_gmt":"2026-03-18T18:42:50","slug":"despre-noi","status":"publish","type":"page","link":"https:\/\/keystone.nicfoto.ro\/index.php\/despre-noi\/","title":{"rendered":"Despre noi"},"content":{"rendered":"\t\t<div data-elementor-type=\"wp-post\" data-elementor-id=\"83\" class=\"elementor elementor-83\">\n\t\t\t\t<div class=\"aux-parallax-section elementor-element elementor-element-d6578d2 e-flex e-con-boxed e-con e-parent\" data-id=\"d6578d2\" data-element_type=\"container\">\n\t\t\t\t\t<div class=\"e-con-inner\">\n\t\t\t\t<div class=\"elementor-element elementor-element-ddaaaf2 elementor-widget elementor-widget-spacer\" data-id=\"ddaaaf2\" data-element_type=\"widget\" data-widget_type=\"spacer.default\">\n\t\t\t\t<div class=\"elementor-widget-container\">\n\t\t\t\t\t\t\t<div class=\"elementor-spacer\">\n\t\t\t<div class=\"elementor-spacer-inner\"><\/div>\n\t\t<\/div>\n\t\t\t\t\t\t<\/div>\n\t\t\t\t<\/div>\n\t\t\t\t\t<\/div>\n\t\t\t\t<\/div>\n\t\t<div class=\"aux-parallax-section elementor-element elementor-element-66584ab1 e-flex e-con-boxed e-con e-parent\" data-id=\"66584ab1\" data-element_type=\"container\">\n\t\t\t\t\t<div class=\"e-con-inner\">\n\t\t<div class=\"elementor-element elementor-element-384e43b4 e-con-full e-flex e-con e-child\" data-id=\"384e43b4\" data-element_type=\"container\">\n\t\t\t\t<div class=\"elementor-element elementor-element-1d5ef3cd aux-appear-watch-animation aux-fade-in-up elementor-widget elementor-widget-aux_modern_heading\" data-id=\"1d5ef3cd\" data-element_type=\"widget\" data-widget_type=\"aux_modern_heading.default\">\n\t\t\t\t<div class=\"elementor-widget-container\">\n\t\t\t\t\t<section class=\"aux-widget-modern-heading\">\n            <div class=\"aux-widget-inner\"><h2 class=\"aux-modern-heading-primary\">Bun Venit!<\/h2><h3 class=\"aux-modern-heading-secondary\"><span class=\"aux-head-before\">Despre Noi<\/span><\/h3><div class=\"aux-modern-heading-divider\"><\/div><div class=\"aux-modern-heading-description\"><p>Keystone Ro Corporation SRL este o companie de consultan\u021b\u0103 cu sediul \u00een Rom\u00e2nia, specializat\u0103 \u00een sprijinirea companiilor \u0219i investitorilor care doresc s\u0103 dezvolte proiecte \u00een \u021bar\u0103, cu un accent deosebit pe sectoarele infrastructur\u0103, energie, imobiliare, logistic\u0103 \u0219i servicii inovatoare.<br \/><br \/>\u00censo\u021bim clien\u021bii no\u0219tri \u00een toate etapele: analiz\u0103 de pia\u021b\u0103, identificarea oportunit\u0103\u021bilor, structurarea tehnic\u0103 \u0219i economic\u0103 a proiectelor, participarea la apeluri de proiecte \u0219i licita\u021bii publice, p\u00e2n\u0103 la gestionarea opera\u021bional\u0103 la fa\u021ba locului.<br \/>Misiunea noastr\u0103 este s\u0103 cre\u0103m o punte eficient\u0103 \u00eentre companii \u0219i oportunit\u0103\u021bile reale din Rom\u00e2nia, transform\u00e2nd ideile \u0219i contactele \u00een proiecte concrete \u0219i sustenabile.<\/p><\/div><\/div>\n        <\/section>\t\t\t\t<\/div>\n\t\t\t\t<\/div>\n\t\t\t\t<\/div>\n\t\t<div class=\"elementor-element elementor-element-167f7e42 aux-appear-watch-animation aux-fade-in-right-1 e-con-full e-flex e-con e-child\" data-id=\"167f7e42\" data-element_type=\"container\">\n\t\t\t\t<div class=\"elementor-element elementor-element-771d2e70 elementor-widget elementor-widget-aux_image\" data-id=\"771d2e70\" data-element_type=\"widget\" data-widget_type=\"aux_image.default\">\n\t\t\t\t<div class=\"elementor-widget-container\">\n\t\t\t\t\t<section class=\"widget-container aux-widget-image aux-alignnone aux-parent-auc5419fd2\">\n    <div class=\"aux-media-hint-frame \">\n        <div class=\"aux-media-image \" >\n        \n            \n\n            \n            <img fetchpriority=\"high\" decoding=\"async\" width=\"377\" height=\"700\" src=\"data:image\/gif;base64,R0lGODlhAQABAIAAAAAAAP\/\/\/yH5BAEAAAAALAAAAAABAAEAAAIBRAA7\" class=\"aux-attachment aux-featured-image aux-attachment-id-1135 aux-preload aux-blank\" alt=\"Untitled design (58)\" data-ratio=\"0.54\" data-original-w=\"377\" sizes=\"auto\" data-srcset=\"https:\/\/keystone.nicfoto.ro\/wp-content\/uploads\/2026\/03\/Untitled-design-58-150x279.png 150w,https:\/\/keystone.nicfoto.ro\/wp-content\/uploads\/2026\/03\/Untitled-design-58-300x557.png 300w,https:\/\/keystone.nicfoto.ro\/wp-content\/uploads\/2026\/03\/Untitled-design-58-377x700.png 377w\" data-src=\"https:\/\/keystone.nicfoto.ro\/wp-content\/uploads\/2026\/03\/Untitled-design-58-377x700.png\" \/>            \n                <\/div>\n    <\/div>\n\n<\/section><!-- widget-container -->\t\t\t\t<\/div>\n\t\t\t\t<\/div>\n\t\t\t\t<\/div>\n\t\t<div class=\"elementor-element elementor-element-610ac2dc aux-appear-watch-animation aux-fade-in-right-1 e-con-full e-flex e-con e-child\" data-id=\"610ac2dc\" data-element_type=\"container\">\n\t\t\t\t<div class=\"elementor-element elementor-element-78166468 elementor-widget elementor-widget-aux_image\" data-id=\"78166468\" data-element_type=\"widget\" data-widget_type=\"aux_image.default\">\n\t\t\t\t<div class=\"elementor-widget-container\">\n\t\t\t\t\t<section class=\"widget-container aux-widget-image aux-alignnone aux-parent-au305e74e5\">\n    <div class=\"aux-media-hint-frame \">\n        <div class=\"aux-media-image \" >\n        \n            \n\n            \n            <img decoding=\"async\" width=\"377\" height=\"700\" src=\"data:image\/gif;base64,R0lGODlhAQABAIAAAAAAAP\/\/\/yH5BAEAAAAALAAAAAABAAEAAAIBRAA7\" class=\"aux-attachment aux-featured-image aux-attachment-id-1136 aux-preload aux-blank\" alt=\"Untitled design (59)\" data-ratio=\"0.54\" data-original-w=\"377\" sizes=\"auto\" data-srcset=\"https:\/\/keystone.nicfoto.ro\/wp-content\/uploads\/2026\/03\/Untitled-design-59-150x279.png 150w,https:\/\/keystone.nicfoto.ro\/wp-content\/uploads\/2026\/03\/Untitled-design-59-300x557.png 300w,https:\/\/keystone.nicfoto.ro\/wp-content\/uploads\/2026\/03\/Untitled-design-59-377x700.png 377w\" data-src=\"https:\/\/keystone.nicfoto.ro\/wp-content\/uploads\/2026\/03\/Untitled-design-59-377x700.png\" \/>            \n                <\/div>\n    <\/div>\n\n<\/section><!-- widget-container -->\t\t\t\t<\/div>\n\t\t\t\t<\/div>\n\t\t\t\t<\/div>\n\t\t\t\t\t<\/div>\n\t\t\t\t<\/div>\n\t\t<div class=\"aux-parallax-section elementor-element elementor-element-b8840e5 e-flex e-con-boxed e-con e-parent\" data-id=\"b8840e5\" data-element_type=\"container\">\n\t\t\t\t\t<div class=\"e-con-inner\">\n\t\t<div class=\"elementor-element elementor-element-d449a0f e-con-full e-flex e-con e-child\" data-id=\"d449a0f\" data-element_type=\"container\">\n\t\t\t\t<div class=\"elementor-element elementor-element-2bbd6284 aux-appear-watch-animation aux-fade-in-up elementor-widget elementor-widget-aux_modern_heading\" data-id=\"2bbd6284\" data-element_type=\"widget\" data-widget_type=\"aux_modern_heading.default\">\n\t\t\t\t<div class=\"elementor-widget-container\">\n\t\t\t\t\t<section class=\"aux-widget-modern-heading\">\n            <div class=\"aux-widget-inner\"><h2 class=\"aux-modern-heading-primary\"><\/h2><h3 class=\"aux-modern-heading-secondary\"><span class=\"aux-head-before\">Serviciile Noastre<\/span><\/h3><div class=\"aux-modern-heading-divider\"><\/div><\/div>\n        <\/section>\t\t\t\t<\/div>\n\t\t\t\t<\/div>\n\t\t<div class=\"elementor-element elementor-element-3c7e25aa e-con-full e-flex e-con e-child\" data-id=\"3c7e25aa\" data-element_type=\"container\">\n\t\t<div class=\"elementor-element elementor-element-2c344c6d aux-appear-watch-animation aux-scale-down e-con-full e-flex e-con e-child\" data-id=\"2c344c6d\" data-element_type=\"container\">\n\t\t\t\t<div class=\"elementor-element elementor-element-1ad94f89 elementor-widget__width-initial elementor-widget elementor-widget-aux_text\" data-id=\"1ad94f89\" data-element_type=\"widget\" data-widget_type=\"aux_text.default\">\n\t\t\t\t<div class=\"elementor-widget-container\">\n\t\t\t\t\t<section class=\"widget-container aux-widget-text aux-parent-au03a43127\">        <div class=\"aux-widget-advanced-text aux-wrap-style-simple aux-ico-pos-top aux-text-center aux-text-resp- aux-text-color-dark aux-text-widget-bg-center  \" >\n        \n                            <div class=\"aux-text-widget-header \"  >\n                        <div class=\"aux-ico-box aux-ico-large aux-ico-shape-circle aux-ico-clear \">\n                                                                <span class=\"aux-ico auxicon-home-house-streamline\" > <\/span>\n                                                            <\/div>\n                <\/div>\n            \n            <div class=\"aux-text-inner aux-text-widget-content\">\n                                <h4 class=\"col-title\">Consultan\u021b\u0103 pentru investitori \u00een Rom\u00e2nia<\/h4>\n                                <div class=\"widget-content\">\n                                        <p>Analiz\u0103 de pia\u021b\u0103, studii de fezabilitate, identificarea partenerilor \u0219i furnizorilor locali, asisten\u021b\u0103 \u00een \u00eenfiin\u021barea societ\u0103\u021bilor \u0219i \u00een definirea structurii opera\u021bionale.<\/p>                <\/div>\n                            <\/div>\n        <\/div>\n                    <div class=\"aux-text-widget-footer\">\n                <div class=\"aux-border-shape-none \">\n                                <\/div>\n            <\/div>\n        \n<\/section><!-- widget-container -->\t\t\t\t<\/div>\n\t\t\t\t<\/div>\n\t\t\t\t<\/div>\n\t\t<div class=\"elementor-element elementor-element-6389c4fc aux-appear-watch-animation aux-scale-down e-con-full e-flex e-con e-child\" data-id=\"6389c4fc\" data-element_type=\"container\">\n\t\t\t\t<div class=\"elementor-element elementor-element-71bb9513 elementor-widget elementor-widget-aux_text\" data-id=\"71bb9513\" data-element_type=\"widget\" data-widget_type=\"aux_text.default\">\n\t\t\t\t<div class=\"elementor-widget-container\">\n\t\t\t\t\t<section class=\"widget-container aux-widget-text aux-parent-aue39938da\">        <div class=\"aux-widget-advanced-text aux-wrap-style-simple aux-ico-pos-top aux-text-center aux-text-resp- aux-text-color-dark aux-text-widget-bg-center  \" >\n        \n                            <div class=\"aux-text-widget-header \"  >\n                        <div class=\"aux-ico-box aux-ico-large aux-ico-shape-circle aux-ico-clear \">\n                                                                <span class=\"aux-ico auxicon-magnet-streamline\" > <\/span>\n                                                            <\/div>\n                <\/div>\n            \n            <div class=\"aux-text-inner aux-text-widget-content\">\n                                <h4 class=\"col-title\">Cercetare de pia\u021b\u0103 \u0219i dezvoltare comercial\u0103<\/h4>\n                                <div class=\"widget-content\">\n                                        <p data-start=\"70\" data-end=\"333\">Studii de pia\u021b\u0103 dedicate, cartografierea clien\u021bilor \u0219i concuren\u021bilor, strategii de intrare pe pia\u021ba rom\u00e2neasc\u0103, dezvoltarea re\u021belei comerciale \u0219i a reprezentan\u021belor locale.<\/p><p data-start=\"70\" data-end=\"333\">\u00a0<\/p>                <\/div>\n                            <\/div>\n        <\/div>\n                    <div class=\"aux-text-widget-footer\">\n                <div class=\"aux-border-shape-none \">\n                                <\/div>\n            <\/div>\n        \n<\/section><!-- widget-container -->\t\t\t\t<\/div>\n\t\t\t\t<\/div>\n\t\t\t\t<\/div>\n\t\t\t\t<\/div>\n\t\t<div class=\"elementor-element elementor-element-30e0d481 e-con-full e-flex e-con e-child\" data-id=\"30e0d481\" data-element_type=\"container\">\n\t\t<div class=\"elementor-element elementor-element-1d2ba20a aux-appear-watch-animation aux-scale-down e-con-full e-flex e-con e-child\" data-id=\"1d2ba20a\" data-element_type=\"container\">\n\t\t\t\t<div class=\"elementor-element elementor-element-7479fc57 elementor-widget elementor-widget-aux_text\" data-id=\"7479fc57\" data-element_type=\"widget\" data-widget_type=\"aux_text.default\">\n\t\t\t\t<div class=\"elementor-widget-container\">\n\t\t\t\t\t<section class=\"widget-container aux-widget-text aux-parent-auf1f42d09\">        <div class=\"aux-widget-advanced-text aux-wrap-style-simple aux-ico-pos-top aux-text-center aux-text-resp- aux-text-color-dark aux-text-widget-bg-center  \" >\n        \n                            <div class=\"aux-text-widget-header \"  >\n                        <div class=\"aux-ico-box aux-ico-large aux-ico-shape-circle aux-ico-clear \">\n                                                                <span class=\"aux-ico auxicon-design-pencil-rule-streamline\" > <\/span>\n                                                            <\/div>\n                <\/div>\n            \n            <div class=\"aux-text-inner aux-text-widget-content\">\n                                <h4 class=\"col-title\">Granturi, licita\u021bii publice \u0219i fonduri europene<\/h4>\n                                <div class=\"widget-content\">\n                                        <p data-start=\"67\" data-end=\"314\">Identificarea granturilor \u0219i achizi\u021biilor publice, verificarea eligibilit\u0103\u021bii, preg\u0103tirea documenta\u021biei tehnice \u0219i economice, suport complet pe tot parcursul procedurii de licita\u021bie \u00een Rom\u00e2nia.<\/p>                <\/div>\n                            <\/div>\n        <\/div>\n                    <div class=\"aux-text-widget-footer\">\n                <div class=\"aux-border-shape-none \">\n                                <\/div>\n            <\/div>\n        \n<\/section><!-- widget-container -->\t\t\t\t<\/div>\n\t\t\t\t<\/div>\n\t\t\t\t<\/div>\n\t\t<div class=\"elementor-element elementor-element-5748ed4f aux-appear-watch-animation aux-scale-down e-con-full e-flex e-con e-child\" data-id=\"5748ed4f\" data-element_type=\"container\">\n\t\t\t\t<div class=\"elementor-element elementor-element-43b8761e elementor-widget elementor-widget-aux_text\" data-id=\"43b8761e\" data-element_type=\"widget\" data-widget_type=\"aux_text.default\">\n\t\t\t\t<div class=\"elementor-widget-container\">\n\t\t\t\t\t<section class=\"widget-container aux-widget-text aux-parent-aub1d1efd3\">        <div class=\"aux-widget-advanced-text aux-wrap-style-simple aux-ico-pos-top aux-text-center aux-text-resp- aux-text-color-dark aux-text-widget-bg-center  \" >\n        \n                            <div class=\"aux-text-widget-header \"  >\n                        <div class=\"aux-ico-box aux-ico-large aux-ico-shape-circle aux-ico-clear \">\n                                                                <span class=\"aux-ico auxicon-grid-lines-streamline\" > <\/span>\n                                                            <\/div>\n                <\/div>\n            \n            <div class=\"aux-text-inner aux-text-widget-content\">\n                                <h4 class=\"col-title\">Logistic\u0103 \u0219i servicii portuare<\/h4>\n                                <div class=\"widget-content\">\n                                        <p>Analiza \u0219i optimizarea fluxurilor logistice, asisten\u021b\u0103 pentru opera\u021biuni \u00een porturile din Rom\u00e2nia (precum Constan\u021ba), solu\u021bii integrate pentru transport maritim, feroviar \u0219i rutier.<\/p><p>\u00a0<\/p>                <\/div>\n                            <\/div>\n        <\/div>\n                    <div class=\"aux-text-widget-footer\">\n                <div class=\"aux-border-shape-none \">\n                                <\/div>\n            <\/div>\n        \n<\/section><!-- widget-container -->\t\t\t\t<\/div>\n\t\t\t\t<\/div>\n\t\t\t\t<\/div>\n\t\t\t\t<\/div>\n\t\t\t\t<\/div>\n\t\t\t\t\t<\/div>\n\t\t\t\t<\/div>\n\t\t<div class=\"aux-parallax-section elementor-element elementor-element-9f70465 e-flex e-con-boxed e-con e-parent\" data-id=\"9f70465\" data-element_type=\"container\">\n\t\t\t\t\t<div class=\"e-con-inner\">\n\t\t\t\t<div class=\"elementor-element elementor-element-4ee1be6 elementor-widget elementor-widget-heading\" data-id=\"4ee1be6\" data-element_type=\"widget\" data-widget_type=\"heading.default\">\n\t\t\t\t<div class=\"elementor-widget-container\">\n\t\t\t\t\t<h2 class=\"elementor-heading-title elementor-size-default\">Experienta Noastra<\/h2>\t\t\t\t<\/div>\n\t\t\t\t<\/div>\n\t\t\t\t<div class=\"elementor-element elementor-element-9f25bca elementor-widget elementor-widget-heading\" data-id=\"9f25bca\" data-element_type=\"widget\" data-widget_type=\"heading.default\">\n\t\t\t\t<div class=\"elementor-widget-container\">\n\t\t\t\t\t<h2 class=\"elementor-heading-title elementor-size-default\">Am acumulat experien\u021b\u0103 \u00een diverse domenii de proiect \u00een Rom\u00e2nia, printre care:<\/h2>\t\t\t\t<\/div>\n\t\t\t\t<\/div>\n\t\t<div class=\"elementor-element elementor-element-2995e1d e-con-full e-flex e-con e-child\" data-id=\"2995e1d\" data-element_type=\"container\" data-settings=\"{&quot;background_background&quot;:&quot;classic&quot;}\">\n\t\t<div class=\"elementor-element elementor-element-e75f1b2 aux-appear-watch-animation aux-fade-in-right-1 e-con-full e-flex e-con e-child\" data-id=\"e75f1b2\" data-element_type=\"container\" data-settings=\"{&quot;background_background&quot;:&quot;classic&quot;}\">\n\t\t\t\t<div class=\"elementor-element elementor-element-8d5d744 elementor-widget elementor-widget-aux_modern_heading\" data-id=\"8d5d744\" data-element_type=\"widget\" data-widget_type=\"aux_modern_heading.default\">\n\t\t\t\t<div class=\"elementor-widget-container\">\n\t\t\t\t\t<section class=\"aux-widget-modern-heading\">\n            <div class=\"aux-widget-inner\"><h2 class=\"aux-modern-heading-primary\"><\/h2><h3 class=\"aux-modern-heading-secondary\"><span class=\"aux-head-before\">Proiecte de infrastructur\u0103 rutier\u0103 \u0219i logistic\u0103<\/span><\/h3><div class=\"aux-modern-heading-divider\"><\/div><\/div>\n        <\/section>\t\t\t\t<\/div>\n\t\t\t\t<\/div>\n\t\t\t\t<\/div>\n\t\t<div class=\"elementor-element elementor-element-a87bc6d aux-appear-watch-animation aux-fade-in-right-1 e-con-full e-flex e-con e-child\" data-id=\"a87bc6d\" data-element_type=\"container\" data-settings=\"{&quot;background_background&quot;:&quot;classic&quot;}\">\n\t\t\t\t<div class=\"elementor-element elementor-element-c875f17 elementor-widget elementor-widget-aux_modern_heading\" data-id=\"c875f17\" data-element_type=\"widget\" data-widget_type=\"aux_modern_heading.default\">\n\t\t\t\t<div class=\"elementor-widget-container\">\n\t\t\t\t\t<section class=\"aux-widget-modern-heading\">\n            <div class=\"aux-widget-inner\"><h2 class=\"aux-modern-heading-primary\"><\/h2><h3 class=\"aux-modern-heading-secondary\"><span class=\"aux-head-before\">Studii de fezabilitate pentru centrale energetice \u0219i fotovoltaice<\/span><\/h3><div class=\"aux-modern-heading-divider\"><\/div><\/div>\n        <\/section>\t\t\t\t<\/div>\n\t\t\t\t<\/div>\n\t\t\t\t<\/div>\n\t\t<div class=\"elementor-element elementor-element-5ae83e9 aux-appear-watch-animation aux-fade-in-right-1 e-con-full e-flex e-con e-child\" data-id=\"5ae83e9\" data-element_type=\"container\" data-settings=\"{&quot;background_background&quot;:&quot;classic&quot;}\">\n\t\t\t\t<div class=\"elementor-element elementor-element-73fb4d0 elementor-widget elementor-widget-aux_modern_heading\" data-id=\"73fb4d0\" data-element_type=\"widget\" data-widget_type=\"aux_modern_heading.default\">\n\t\t\t\t<div class=\"elementor-widget-container\">\n\t\t\t\t\t<section class=\"aux-widget-modern-heading\">\n            <div class=\"aux-widget-inner\"><h2 class=\"aux-modern-heading-primary\"><\/h2><h3 class=\"aux-modern-heading-secondary\"><span class=\"aux-head-before\">Ini\u021biative imobiliare reziden\u021biale \u0219i comerciale<\/span><\/h3><div class=\"aux-modern-heading-divider\"><\/div><\/div>\n        <\/section>\t\t\t\t<\/div>\n\t\t\t\t<\/div>\n\t\t\t\t<\/div>\n\t\t<div class=\"elementor-element elementor-element-128edf9 aux-appear-watch-animation aux-fade-in-right-1 e-con-full e-flex e-con e-child\" data-id=\"128edf9\" data-element_type=\"container\" data-settings=\"{&quot;background_background&quot;:&quot;classic&quot;}\">\n\t\t\t\t<div class=\"elementor-element elementor-element-c2c85aa elementor-widget elementor-widget-aux_modern_heading\" data-id=\"c2c85aa\" data-element_type=\"widget\" data-widget_type=\"aux_modern_heading.default\">\n\t\t\t\t<div class=\"elementor-widget-container\">\n\t\t\t\t\t<section class=\"aux-widget-modern-heading\">\n            <div class=\"aux-widget-inner\"><h6 class=\"aux-modern-heading-primary\"><\/h6><h3 class=\"aux-modern-heading-secondary\"><span class=\"aux-head-before\">Asisten\u021b\u0103 \u00een participarea la licita\u021bii \u0219i achizi\u021bii publice<\/span><\/h3><div class=\"aux-modern-heading-divider\"><\/div><\/div>\n        <\/section>\t\t\t\t<\/div>\n\t\t\t\t<\/div>\n\t\t\t\t<\/div>\n\t\t\t\t<\/div>\n\t\t\t\t<div class=\"elementor-element elementor-element-defe1ba elementor-widget elementor-widget-heading\" data-id=\"defe1ba\" data-element_type=\"widget\" data-widget_type=\"heading.default\">\n\t\t\t\t<div class=\"elementor-widget-container\">\n\t\t\t\t\t<h2 class=\"elementor-heading-title elementor-size-default\">La cerere, putem furniza referin\u021be, studii de caz \u0219i contactele\n<br>  partenerilor cu care colabor\u0103m \u00een mod constant.<\/h2>\t\t\t\t<\/div>\n\t\t\t\t<\/div>\n\t\t\t\t\t<\/div>\n\t\t\t\t<\/div>\n\t\t\t\t<\/div>\n\t\t","protected":false},"excerpt":{"rendered":"<p>Bun Venit! Despre Noi Keystone Ro Corporation SRL este o companie de consultan\u021b\u0103 cu sediul \u00een Rom\u00e2nia, specializat\u0103 \u00een sprijinirea companiilor \u0219i investitorilor care doresc s\u0103 dezvolte proiecte \u00een \u021bar\u0103, cu un accent deosebit pe sectoarele infrastructur\u0103, energie, imobiliare, logistic\u0103 \u0219i servicii inovatoare. \u00censo\u021bim clien\u021bii no\u0219tri \u00een toate etapele: analiz\u0103 de pia\u021b\u0103, identificarea oportunit\u0103\u021bilor, structurarea [&hellip;]<\/p>\n","protected":false},"author":1,"featured_media":0,"parent":0,"menu_order":0,"comment_status":"closed","ping_status":"closed","template":"templates\/page-builder-content.php","meta":{"footnotes":""},"class_list":["post-83","page","type-page","status-publish","hentry"],"_links":{"self":[{"href":"https:\/\/keystone.nicfoto.ro\/index.php\/wp-json\/wp\/v2\/pages\/83","targetHints":{"allow":["GET"]}}],"collection":[{"href":"https:\/\/keystone.nicfoto.ro\/index.php\/wp-json\/wp\/v2\/pages"}],"about":[{"href":"https:\/\/keystone.nicfoto.ro\/index.php\/wp-json\/wp\/v2\/types\/page"}],"author":[{"embeddable":true,"href":"https:\/\/keystone.nicfoto.ro\/index.php\/wp-json\/wp\/v2\/users\/1"}],"replies":[{"embeddable":true,"href":"https:\/\/keystone.nicfoto.ro\/index.php\/wp-json\/wp\/v2\/comments?post=83"}],"version-history":[{"count":160,"href":"https:\/\/keystone.nicfoto.ro\/index.php\/wp-json\/wp\/v2\/pages\/83\/revisions"}],"predecessor-version":[{"id":1139,"href":"https:\/\/keystone.nicfoto.ro\/index.php\/wp-json\/wp\/v2\/pages\/83\/revisions\/1139"}],"wp:attachment":[{"href":"https:\/\/keystone.nicfoto.ro\/index.php\/wp-json\/wp\/v2\/media?parent=83"}],"curies":[{"name":"wp","href":"https:\/\/api.w.org\/{rel}","templated":true}]}}